{"id":242431,"date":"2021-07-13T12:16:02","date_gmt":"2021-07-13T12:16:02","guid":{"rendered":"https:\/\/demo.divi-pixel.com\/medical\/?page_id=2"},"modified":"2022-09-08T07:33:23","modified_gmt":"2022-09-08T07:33:23","slug":"homepage","status":"publish","type":"page","link":"https:\/\/glassy-headshop.de\/","title":{"rendered":"Home"},"content":{"rendered":"<p>[et_pb_section fb_built=&#8220;1&#8243; custom_padding_last_edited=&#8220;on|phone&#8220; _builder_version=&#8220;4.17.4&#8243; background_image=&#8220;https:\/\/glassy-headshop.de\/wp-content\/uploads\/2022\/07\/header-glassy-scaled.jpg&#8220; background_position=&#8220;top_right&#8220; background_horizontal_offset=&#8220;64%&#8220; background_vertical_offset=&#8220;13%&#8220; custom_padding=&#8220;15vh||20vh||false|false&#8220; custom_padding_tablet=&#8220;20vh||||false|false&#8220; custom_padding_phone=&#8220;5vh||20vh||false|false&#8220; bottom_divider_style=&#8220;curve2&#8243; bottom_divider_color=&#8220;#FFFFFF&#8220; bottom_divider_height=&#8220;200px&#8220; bottom_divider_repeat=&#8220;0x&#8220; bottom_divider_height_tablet=&#8220;&#8220; bottom_divider_height_phone=&#8220;60px&#8220; bottom_divider_height_last_edited=&#8220;on|phone&#8220; background_last_edited=&#8220;on|phone&#8220; use_background_color_gradient_phone=&#8220;on&#8220; background_color_gradient_stops_tablet=&#8220;rgba(38,61,123,0.9) 0%|rgba(9,162,214,0) 100%&#8220; background_color_gradient_stops_phone=&#8220;#825339 0%|rgba(9,162,214,0) 100%&#8220; background_color_gradient_start_position_tablet=&#8220;0%&#8220; background_color_gradient_end_position_tablet=&#8220;100%&#8220; background_color_gradient_end_position_phone=&#8220;100%&#8220; background_position_tablet=&#8220;top_right&#8220; background_position_phone=&#8220;top_left&#8220; global_colors_info=&#8220;{}&#8220;][et_pb_row column_structure=&#8220;2_5,3_5&#8243; _builder_version=&#8220;4.17.6&#8243; _module_preset=&#8220;default&#8220; custom_margin=&#8220;-106px||||false|false&#8220; custom_margin_tablet=&#8220;-106px||||false|false&#8220; custom_margin_phone=&#8220;-106px||||false|false&#8220; custom_margin_last_edited=&#8220;on|desktop&#8220; global_colors_info=&#8220;{}&#8220;][et_pb_column type=&#8220;2_5&#8243; _builder_version=&#8220;4.17.6&#8243; _module_preset=&#8220;default&#8220; global_colors_info=&#8220;{}&#8220;][et_pb_image src=&#8220;https:\/\/glassy-headshop.de\/wp-content\/uploads\/2022\/07\/glassy_logo_transparent-2.png&#8220; title_text=&#8220;glassy_logo_transparent (2)&#8220; _builder_version=&#8220;4.17.6&#8243; _module_preset=&#8220;default&#8220; custom_margin_tablet=&#8220;&#8220; custom_margin_phone=&#8220;84px||||false|false&#8220; custom_margin_last_edited=&#8220;on|phone&#8220; global_colors_info=&#8220;{}&#8220;][\/et_pb_image][\/et_pb_column][et_pb_column type=&#8220;3_5&#8243; _builder_version=&#8220;4.17.6&#8243; _module_preset=&#8220;default&#8220; global_colors_info=&#8220;{}&#8220;][et_pb_text _builder_version=&#8220;4.17.6&#8243; _module_preset=&#8220;default&#8220; header_2_font=&#8220;Open Sans||||||||&#8220; header_2_font_size_tablet=&#8220;&#8220; header_2_font_size_phone=&#8220;32px&#8220; header_2_font_size_last_edited=&#8220;on|phone&#8220; header_2_text_shadow_style=&#8220;preset2&#8243; header_3_text_shadow_style=&#8220;preset2&#8243; global_colors_info=&#8220;{}&#8220;]<\/p>\n<h2 style=\"text-align: left;\"><span style=\"color: #ffffff;\">Herzlich Willkommen<\/span><\/h2>\n<h3 style=\"text-align: center;\"><span style=\"color: #ffffff;\">beim Glassy Headshop<\/span><\/h3>\n<p>[\/et_pb_text][\/et_pb_column][\/et_pb_row][\/et_pb_section][et_pb_section fb_built=&#8220;1&#8243; make_equal=&#8220;on&#8220; specialty=&#8220;on&#8220; module_class_1=&#8220;dp-vertical-align&#8220; module_class_2=&#8220;dp-vertical-align&#8220; _builder_version=&#8220;4.16&#8243; _module_preset=&#8220;default&#8220; background_image=&#8220;https:\/\/glassy-headshop.de\/wp-content\/uploads\/2021\/07\/medical-shape-02.svg&#8220; background_size=&#8220;contain&#8220; background_position=&#8220;top_right&#8220; custom_padding=&#8220;||0px|||&#8220; global_colors_info=&#8220;{}&#8220;][et_pb_column type=&#8220;1_2&#8243; _builder_version=&#8220;4.16&#8243; custom_padding=&#8220;|||&#8220; global_colors_info=&#8220;{}&#8220; custom_padding__hover=&#8220;|||&#8220;][dipi_image_mask image=&#8220;https:\/\/glassy-headshop.de\/wp-content\/uploads\/2022\/07\/IMGP7560.jpg&#8220; shape=&#8220;Shape7&#8243; layer_1_enable=&#8220;on&#8220; layer_1_background_color=&#8220;#F6FBFD&#8220; layer_2_enable=&#8220;on&#8220; docration_element_1=&#8220;DottedCircle&#8220; layer_2_background_color=&#8220;#6d3782&#8243; layer_2_horz=&#8220;49%&#8220; layer_2_vert=&#8220;40%&#8220; layer_2_scale=&#8220;0.6&#8243; layer_3_enable=&#8220;on&#8220; docration_element_2=&#8220;FilledCircle&#8220; layer_3_background_color=&#8220;#6d3782&#8243; layer_3_horz=&#8220;37%&#8220; layer_3_vert=&#8220;-40%&#8220; layer_3_scale=&#8220;0.1&#8243; _builder_version=&#8220;4.17.6&#8243; _module_preset=&#8220;default&#8220; global_colors_info=&#8220;{}&#8220;][\/dipi_image_mask][\/et_pb_column][et_pb_column type=&#8220;1_2&#8243; specialty_columns=&#8220;2&#8243; _builder_version=&#8220;4.16&#8243; custom_padding=&#8220;|||&#8220; global_colors_info=&#8220;{}&#8220; custom_padding__hover=&#8220;|||&#8220;][et_pb_row_inner _builder_version=&#8220;4.17.4&#8243; _module_preset=&#8220;default&#8220; animation_style=&#8220;slide&#8220; global_colors_info=&#8220;{}&#8220;][et_pb_column_inner saved_specialty_column_type=&#8220;1_2&#8243; _builder_version=&#8220;4.16&#8243; _module_preset=&#8220;default&#8220; global_colors_info=&#8220;{}&#8220;][et_pb_text _builder_version=&#8220;4.17.6&#8243; _module_preset=&#8220;default&#8220; header_2_text_color=&#8220;#081830&#8243; max_width=&#8220;700px&#8220; module_alignment=&#8220;center&#8220; text_font_size_tablet=&#8220;&#8220; text_font_size_phone=&#8220;15px&#8220; text_font_size_last_edited=&#8220;on|phone&#8220; text_line_height_tablet=&#8220;&#8220; text_line_height_phone=&#8220;1.7em&#8220; text_line_height_last_edited=&#8220;on|phone&#8220; header_2_font_size_tablet=&#8220;40px&#8220; header_2_font_size_phone=&#8220;32px&#8220; header_2_font_size_last_edited=&#8220;on|phone&#8220; global_colors_info=&#8220;{}&#8220;]<\/p>\n<h2 style=\"text-align: center;\">Der Headshop Deines Vertrauens!<\/h2>\n<p>Mittlerweile existiert der Laden unter verschiedenen Namen schon seit 1997. Alles begann in der Karrenf\u00fchrerstra\u00dfe 1-3 unter dem Markennamen Udopea\u00ae. 2002 sind wir dann in Langer Hof 2e gezogen und \u00e4nderten nach einigen Jahren den Namen auf ZONE Headshop. 2012 wurde dann aus ZONE Headshop der JellyJoker\u00ae. Letztendlich mussten wir dann 2016 den Namen hoffentlich zum letzten Mal auf Glassy Headshop \u00e4ndern. Unsere Bem\u00fchungen sind aber, egal unter welchen Namen auch immer, unver\u00e4ndert gro\u00df, ein m\u00f6glichst umfangreiches Repertoire anbieten zu k\u00f6nnen.<\/p>\n<p>[\/et_pb_text][\/et_pb_column_inner][\/et_pb_row_inner][\/et_pb_column][\/et_pb_section][et_pb_section fb_built=&#8220;1&#8243; custom_padding_last_edited=&#8220;on|desktop&#8220; _builder_version=&#8220;4.17.6&#8243; _module_preset=&#8220;default&#8220; background_image=&#8220;https:\/\/glassy-headshop.de\/wp-content\/uploads\/2021\/07\/medical-shape-01.svg&#8220; background_size=&#8220;contain&#8220; background_position=&#8220;top_left&#8220; custom_padding=&#8220;0px||||false|false&#8220; custom_padding_tablet=&#8220;0px||||false|false&#8220; custom_padding_phone=&#8220;0px||||false|false&#8220; global_colors_info=&#8220;{}&#8220;][et_pb_row column_structure=&#8220;1_2,1_2&#8243; make_equal=&#8220;on&#8220; _builder_version=&#8220;4.16&#8243; _module_preset=&#8220;default&#8220; global_colors_info=&#8220;{}&#8220;][et_pb_column type=&#8220;1_2&#8243; module_class=&#8220;dp-vertical-align&#8220; _builder_version=&#8220;4.16&#8243; _module_preset=&#8220;default&#8220; global_colors_info=&#8220;{}&#8220;][et_pb_text _builder_version=&#8220;4.17.6&#8243; _module_preset=&#8220;default&#8220; header_2_text_color=&#8220;#081830&#8243; max_width=&#8220;700px&#8220; module_alignment=&#8220;center&#8220; animation_style=&#8220;slide&#8220; text_font_size_tablet=&#8220;&#8220; text_font_size_phone=&#8220;15px&#8220; text_font_size_last_edited=&#8220;on|phone&#8220; text_line_height_tablet=&#8220;&#8220; text_line_height_phone=&#8220;1.7em&#8220; text_line_height_last_edited=&#8220;on|phone&#8220; header_2_font_size_tablet=&#8220;40px&#8220; header_2_font_size_phone=&#8220;32px&#8220; header_2_font_size_last_edited=&#8220;on|phone&#8220; global_colors_info=&#8220;{}&#8220;]<\/p>\n<h2>Im Glassy findest Du alles, was Du zum Rauchen brauchst.<\/h2>\n<p>Tabak ohne Zus\u00e4tze oder nikotinfreie Tabakersatz-Produkte wie Kr\u00e4utermischungen zum Kombinieren mit deinem Lieblingskraut.<\/p>\n<p>Damit du dir eine sch\u00f6ne T\u00fcte drehen kannst, musst du dein Kraut fachgerecht zerkleinern. Am besten geht das mit einem Grinder. Wir haben eine gro\u00dfe Auswahl f\u00fcr dich, ob Holzginder, Acryl- oder Metallgrinder, 2-teilige, 4-teilige, 5-teilige Grinder, oder Grinder Cards. Wir vom Glassy empfehlen dir f\u00fcr den regelm\u00e4\u00dfigen Standardgebrauch einen 4-teiligen Grinder mit Pollinator aus Metall. Solche Ger\u00e4te holen das Maximum aus deinen Kr\u00e4utern und halten je nach Material und Qualit\u00e4t der Z\u00e4hne jahrelang.<\/p>\n<p>&nbsp;<\/p>\n<p>[\/et_pb_text][\/et_pb_column][et_pb_column type=&#8220;1_2&#8243; module_class=&#8220;dp-vertical-align&#8220; _builder_version=&#8220;4.16&#8243; _module_preset=&#8220;default&#8220; global_colors_info=&#8220;{}&#8220;][dipi_image_mask image=&#8220;https:\/\/glassy-headshop.de\/wp-content\/uploads\/2022\/07\/IMGP7556.jpg&#8220; shape=&#8220;Shape3&#8243; image_width=&#8220;99%&#8220; image_horz=&#8220;3&#8243; layer_1_enable=&#8220;on&#8220; layer_1_background_color=&#8220;#F6FBFD&#8220; layer_2_enable=&#8220;on&#8220; docration_element_1=&#8220;DottedCircle&#8220; layer_2_background_color=&#8220;#6d3782&#8243; layer_2_horz=&#8220;40%&#8220; layer_2_vert=&#8220;45%&#8220; layer_2_scale=&#8220;0.6&#8243; layer_2_rotate=&#8220;1&#8243; layer_3_enable=&#8220;on&#8220; docration_element_2=&#8220;FilledCircle&#8220; layer_3_background_color=&#8220;#6d3782&#8243; layer_3_horz=&#8220;32%&#8220; layer_3_vert=&#8220;-33%&#8220; layer_3_scale=&#8220;0.1&#8243; _builder_version=&#8220;4.17.6&#8243; _module_preset=&#8220;default&#8220; global_colors_info=&#8220;{}&#8220;][\/dipi_image_mask][\/et_pb_column][\/et_pb_row][\/et_pb_section][et_pb_section fb_built=&#8220;1&#8243; _builder_version=&#8220;4.16&#8243; _module_preset=&#8220;default&#8220; background_enable_color=&#8220;off&#8220; background_image=&#8220;https:\/\/glassy-headshop.de\/wp-content\/uploads\/2021\/07\/medical-shape-02.svg&#8220; background_size=&#8220;contain&#8220; background_position=&#8220;top_right&#8220; custom_padding=&#8220;0px||140px|||&#8220; global_colors_info=&#8220;{}&#8220;][et_pb_row column_structure=&#8220;2_5,3_5&#8243; _builder_version=&#8220;4.17.4&#8243; _module_preset=&#8220;default&#8220; global_colors_info=&#8220;{}&#8220;][et_pb_column type=&#8220;2_5&#8243; _builder_version=&#8220;4.17.4&#8243; _module_preset=&#8220;default&#8220; global_colors_info=&#8220;{}&#8220;][dipi_image_mask image=&#8220;https:\/\/glassy-headshop.de\/wp-content\/uploads\/2022\/07\/IMGP7567.jpg&#8220; shape=&#8220;Shape7&#8243; layer_1_enable=&#8220;on&#8220; layer_1_background_color=&#8220;#F6FBFD&#8220; layer_2_enable=&#8220;on&#8220; docration_element_1=&#8220;DottedCircle&#8220; layer_2_background_color=&#8220;#6d3782&#8243; layer_2_horz=&#8220;49%&#8220; layer_2_vert=&#8220;40%&#8220; layer_2_scale=&#8220;0.6&#8243; layer_3_enable=&#8220;on&#8220; docration_element_2=&#8220;FilledCircle&#8220; layer_3_background_color=&#8220;#6d3782&#8243; layer_3_horz=&#8220;37%&#8220; layer_3_vert=&#8220;-40%&#8220; layer_3_scale=&#8220;0.1&#8243; _builder_version=&#8220;4.17.6&#8243; _module_preset=&#8220;default&#8220; global_colors_info=&#8220;{}&#8220;][\/dipi_image_mask][et_pb_text _builder_version=&#8220;4.17.6&#8243; _module_preset=&#8220;default&#8220; animation_style=&#8220;slide&#8220; global_colors_info=&#8220;{}&#8220;]<\/p>\n<p>Im Glassy bekommst du neben Aktivkohlefiltern zum Eindrehen auch lose Aktivkohle f\u00fcr deine Bong. Damit bleibt die Bong l\u00e4nger sauber und deine Lunge wird weniger stark belastet. Den passenden Adapter f\u00fcr deinen Schliff bekommst du auch im Glassy. Mittlerweile gibt es sogar Pfeifen, die sich mit Aktivkohlefilter bef\u00fcllen lassen. Nat\u00fcrlich f\u00fchren wir die neusten Modelle auch im Glassy.<\/p>\n<p>Bist du generell zu faul zum Drehen oder hast keine Lust, Papier zu rauchen? Dann schau dich bei den Pfeifen um. Ob Glas, Metall oder Holz, Spezialkonstruktionen mit Aktivkohle-Einsatz, Pfeifen mit extremer Rauchwegverl\u00e4ngerung, Pfeifen mit K\u00fchlfl\u00fcssigkeit, \u00d6lpfeifen oder auch Kawumms. Im Glassy findet jeder Pfeifenraucher etwas f\u00fcr seinen Bedarf.<\/p>\n<p>Unter der Rubrik Waagen und T\u00fctchen gibt es alles, was du brauchst, um deine Lieblingskr\u00e4uter vern\u00fcnftig zu wiegen und zu verpacken. Alle Digitalwaagen bei uns im Glassy sind hochpr\u00e4zise Messinstrumente. Wir bieten dir eine Auswahl an Waagen mit unterschiedlichem Maximalgewicht und nat\u00fcrlich auch in verschiedenen Genauigkeitsstufen. Zum Portionieren und Transportieren bekommst du im Glassy eine gro\u00dfe Auswahl T\u00fctchen in blickdicht oder transparent mit verschiedenen Verschl\u00fcssen bis maximal aromadicht, in s\u00e4mtlichen St\u00e4rken und Gr\u00f6\u00dfen.<\/p>\n<p>[\/et_pb_text][\/et_pb_column][et_pb_column type=&#8220;3_5&#8243; _builder_version=&#8220;4.17.4&#8243; _module_preset=&#8220;default&#8220; global_colors_info=&#8220;{}&#8220;][et_pb_text module_id=&#8220;aboutme&#8220; _builder_version=&#8220;4.17.6&#8243; _module_preset=&#8220;default&#8220; header_text_color=&#8220;#081830&#8243; header_2_text_color=&#8220;#081830&#8243; max_width=&#8220;700px&#8220; module_alignment=&#8220;center&#8220; animation_style=&#8220;slide&#8220; text_font_size_tablet=&#8220;&#8220; text_font_size_phone=&#8220;15px&#8220; text_font_size_last_edited=&#8220;on|phone&#8220; text_line_height_tablet=&#8220;&#8220; text_line_height_phone=&#8220;1.7em&#8220; text_line_height_last_edited=&#8220;on|phone&#8220; header_2_font_size_tablet=&#8220;40px&#8220; header_2_font_size_phone=&#8220;32px&#8220; header_2_font_size_last_edited=&#8220;on|phone&#8220; global_colors_info=&#8220;{}&#8220;]<\/p>\n<p>Mit Mischeschalen und Aufbewahrungen bieten wir dir alles, was du brauchst, wenn du mit dem Grinden fertig bist. Neben Rolling Trays in verschiedenen Gr\u00f6\u00dfen und aus wirklich glatten Materialien wie Glas oder Metall bekommst du auch die praktischen Click Clack Dosen, Schraubgl\u00e4schen oder luftdichte Edelstahldosen. F\u00fcr klebrige Extrakte findest du Silikondosen bei uns im Glassy. F\u00fcr besonders diskrete Aufbewahrung f\u00fchren wir Versteckdosen, getarnt als Alltagsutensilien. Egal ob B\u00fccher mit Geheimfach oder Haushaltsgegenst\u00e4nde mit Geheimdepot.<\/p>\n<p>Drehhilfen sind eine gute L\u00f6sung f\u00fcr alle, die auf den Rauchgenuss mit langen Bl\u00e4ttchen nicht verzichten wollen, aber eher unbegabt beim Drehen sind. Ob vorgedrehte Cones inklusive Stopfhilfe oder Drehmaschinen f\u00fcr kurze und lange Bl\u00e4ttchen.<\/p>\n<p>Zum finalen Anz\u00fcnden haben wir im Glassy eine riesige Auswahl an CLIPPER\u00ae Feuerzeugen auf Lager. F\u00fcr mehr Power findest du im Glassy auch Bunsenbrenner zum Dabben oder, um deine Shishakohle anzuz\u00fcnden. Zubeh\u00f6r wie Feuerzeuggas, Flintsysteme, Feuersteine und Hemp Wicks sind ebenso erh\u00e4ltlich.<\/p>\n<p>&nbsp;<\/p>\n<p>[\/et_pb_text][dipi_image_mask image=&#8220;https:\/\/glassy-headshop.de\/wp-content\/uploads\/2022\/07\/IMGP7503.jpg&#8220; shape=&#8220;Shape7&#8243; layer_1_enable=&#8220;on&#8220; layer_1_background_color=&#8220;#F6FBFD&#8220; layer_2_enable=&#8220;on&#8220; docration_element_1=&#8220;DottedCircle&#8220; layer_2_background_color=&#8220;#6d3782&#8243; layer_2_horz=&#8220;49%&#8220; layer_2_vert=&#8220;40%&#8220; layer_2_scale=&#8220;0.6&#8243; layer_3_enable=&#8220;on&#8220; docration_element_2=&#8220;FilledCircle&#8220; layer_3_background_color=&#8220;#6d3782&#8243; layer_3_horz=&#8220;37%&#8220; layer_3_vert=&#8220;-40%&#8220; layer_3_scale=&#8220;0.1&#8243; _builder_version=&#8220;4.17.6&#8243; _module_preset=&#8220;default&#8220; global_colors_info=&#8220;{}&#8220;][\/dipi_image_mask][\/et_pb_column][\/et_pb_row][et_pb_row _builder_version=&#8220;4.17.6&#8243; _module_preset=&#8220;default&#8220; animation_style=&#8220;zoom&#8220; animation_direction=&#8220;left&#8220; global_colors_info=&#8220;{}&#8220;][et_pb_column type=&#8220;4_4&#8243; _builder_version=&#8220;4.17.6&#8243; _module_preset=&#8220;default&#8220; global_colors_info=&#8220;{}&#8220;][et_pb_text _builder_version=&#8220;4.17.6&#8243; _module_preset=&#8220;default&#8220; global_colors_info=&#8220;{}&#8220;]<\/p>\n<p>Da fast jedes Rauchger\u00e4t mit einem passenden Sieb best\u00fcckt sein muss, f\u00fchren wir H\u00e4ngesiebe, Einlegesiebe, Ringsiebe und Glassiebe in verschiedenen Gr\u00f6\u00dfen.<\/p>\n<p>Zum Putzen von Pfeifen, Bongs oder Shishas F\u00fchren wir verschiedene Reinigungsmittel. Auch die passende B\u00fcrste f\u00fcr Chillum, Pfeife, Zugrohr, Bongbauch, Siebe oder Schlauchadapter haben wir im Sortiment.<\/p>\n<p>In der Abteilung Snuff findest du R\u00f6hrchen aus Glas und Metall, Dosierer f\u00fcr die Partynacht, komplette Sets mit Spiegel, Klinge und Portionierer, wasserabweisendes Papier und Fl\u00e4schchen mit Teleskopl\u00f6ffel.<\/p>\n<p>Cleaning-Produkte und synthetisches Urin, sowie Strecktests f\u00fcr dein Kraut oder chemische Substanzen findest du ebenfalls bei uns im Glassy.<\/p>\n<p>Falls du Fragen zu unserem Headshop Stuff hast, melde dich einfach per E-Mail oder gern auch telefonisch unter 0531\/ 2408787.<\/p>\n<p>&nbsp;<\/p>\n<h2 style=\"text-align: center;\">Wir sind f\u00fcr Dich da!<\/h2>\n<h2 style=\"text-align: center;\">Glassy, der Headshop Deines Vertrauens!<\/h2>\n<p>[\/et_pb_text][\/et_pb_column][\/et_pb_row][\/et_pb_section]<\/p>\n","protected":false},"excerpt":{"rendered":"<p>Herzlich Willkommen beim Glassy Headshop<div class=\"et_pb_module dipi_image_mask dipi_image_mask_0\">\n\t\t\t\t\n\t\t\t\t\n\t\t\t\t\n\t\t\t\t\n\t\t\t\t\n\t\t\t\t\n\t\t\t\t<div class=\"et_pb_module_inner\">\n\t\t\t\t\t<div class=\"dipi-image-mask--mask\">\n                <svg width=\"100%\" height=\"100%\"  style=\"overflow:visible\" xmlns=\"http:\/\/www.w3.org\/2000\/svg\" xmlns:xlink=\"http:\/\/www.w3.org\/1999\/xlink\" viewBox=\"0 0 1000 1000\" aria-labelledby=\"alt-text-69e79415929dc\" role=\"img\">\n                    <title id=\"alt-text-69e79415929dc\"><\/title>\n                    \n                    <style><\/style>\n                    \n                    \n                <g>\n                    <g style=\"transform-origin: center; transform: rotate(0deg) scale(1 , 1)\" fill=\"url(#GRAD_1)\"><path class=\"st1\" d=\"M18.6,271.7C88.9,84.2,379.5,39.6,510.7,43.4C641.9,47.1,920,95,949.2,301c29.2,206.1-103.7,621.5-356.6,675.6 C339.6,1030.5-76.4,525.1,18.6,271.7z\"\/><\/g>\n                    <g>\n                        <defs>\n                            <mask id=\"SHAPE_1-69e79415929d2\" fill=\"#fff\">\n                                <g style=\"transform-origin: center; transform: rotate(0deg) scale(1 , 1)\"> \n                                    <path d=\"M122.7,108.4c128.8-152,417-92.7,539.1-43.8s367.6,190.8,326,394.6c-41.5,204-305.2,548.2-561.2,511.2 C170.7,933.3-51.5,313.6,122.7,108.4z\"\/>\n                                <\/g>\n                            <\/mask>\n                        <\/defs>\n                        \n        <g style=\"mask:url(#SHAPE_1-69e79415929d2)\">\n            <image \n                style=\"overflow:visible\" \n                width=100%  \n                href=https:\/\/glassy-headshop.de\/wp-content\/uploads\/2022\/07\/IMGP7560.jpg\n                transform=\"matrix(1 0 0 1 0 0)\"\n                preserveAspectRatio=\"none\"> \n            <\/image>\n        <\/g>\n                    <\/g>\n                <\/g>\n                    \n          <g style=\"transform: translate(49%, 40%) scale(0.6) rotate(0deg); transform-origin: center\">\n            <pattern  width=\"31.2\" height=\"31.2\" patternUnits=\"userSpaceOnUse\" id=\"PATTERN_SWATCH_1\" viewBox=\"0 -31.2 31.2 31.2\" style=\"overflow: visible\">\n                <g>\n                    <rect y=\"-31.2\" style=\"fill: none\" width=\"31.2\" height=\"31.2\"\/>\n                    <circle class=\"s02\" cx=\"15.6\" cy=\"-15.6\" r=\"3.1\"\/>\n                <\/g>\n            <\/pattern>\n            <circle style=\"fill: url(#PATTERN_SWATCH_1)\" cx=\"251.4\" cy=\"252.2\" r=\"238\"\/>\n        \n          <\/g>\n            <g style=\"transform: translate(37%, -40%) scale(0.1) rotate(0deg);transform-origin: center\">\n              <circle class=\"s03\" cx=\"248.5\" cy=\"249.9\" r=\"237.7\"\/>\n            <\/g>\n                <\/svg>\n            <\/div>\n\t\t\t\t<\/div>\n\t\t\t<\/div>Der Headshop Deines Vertrauens! Mittlerweile existiert der Laden unter verschiedenen Namen schon seit 1997. Alles begann in der Karrenf\u00fchrerstra\u00dfe 1-3 unter dem Markennamen Udopea\u00ae. 2002 sind wir dann in Langer Hof 2e [&hellip;]<\/p>\n","protected":false},"author":1,"featured_media":0,"parent":0,"menu_order":0,"comment_status":"closed","ping_status":"closed","template":"","meta":{"_et_pb_use_builder":"on","_et_pb_old_content":"<!-- wp:paragraph -->\r\n<p>This is an example page. It's different from a blog post because it will stay in one place and will show up in your site navigation (in most themes). Most people start with an About page that introduces them to potential site visitors. It might say something like this:<\/p>\r\n<!-- \/wp:paragraph -->\r\n\r\n<!-- wp:quote -->\r\n<blockquote class=\"wp-block-quote\"><p>Hi there! I'm a bike messenger by day, aspiring actor by night, and this is my website. I live in Los Angeles, have a great dog named Jack, and I like pi\u00f1a coladas. (And gettin' caught in the rain.)<\/p><\/blockquote>\r\n<!-- \/wp:quote -->\r\n\r\n<!-- wp:paragraph -->\r\n<p>...or something like this:<\/p>\r\n<!-- \/wp:paragraph -->\r\n\r\n<!-- wp:quote -->\r\n<blockquote class=\"wp-block-quote\"><p>The XYZ Doohickey Company was founded in 1971, and has been providing quality doohickeys to the public ever since. Located in Gotham City, XYZ employs over 2,000 people and does all kinds of awesome things for the Gotham community.<\/p><\/blockquote>\r\n<!-- \/wp:quote -->\r\n\r\n<!-- wp:paragraph -->\r\n<p>As a new WordPress user, you should go to <a href=\"https:\/\/demo.divi-pixel.com\/medical\/wp-admin\/\">your dashboard<\/a> to delete this page and create new pages for your content. Have fun!<\/p>\r\n<!-- \/wp:paragraph -->","_et_gb_content_width":"","footnotes":""},"dipi_cpt_category":[],"class_list":["post-242431","page","type-page","status-publish","hentry"],"_links":{"self":[{"href":"https:\/\/glassy-headshop.de\/index.php\/wp-json\/wp\/v2\/pages\/242431","targetHints":{"allow":["GET"]}}],"collection":[{"href":"https:\/\/glassy-headshop.de\/index.php\/wp-json\/wp\/v2\/pages"}],"about":[{"href":"https:\/\/glassy-headshop.de\/index.php\/wp-json\/wp\/v2\/types\/page"}],"author":[{"embeddable":true,"href":"https:\/\/glassy-headshop.de\/index.php\/wp-json\/wp\/v2\/users\/1"}],"replies":[{"embeddable":true,"href":"https:\/\/glassy-headshop.de\/index.php\/wp-json\/wp\/v2\/comments?post=242431"}],"version-history":[{"count":23,"href":"https:\/\/glassy-headshop.de\/index.php\/wp-json\/wp\/v2\/pages\/242431\/revisions"}],"predecessor-version":[{"id":242709,"href":"https:\/\/glassy-headshop.de\/index.php\/wp-json\/wp\/v2\/pages\/242431\/revisions\/242709"}],"wp:attachment":[{"href":"https:\/\/glassy-headshop.de\/index.php\/wp-json\/wp\/v2\/media?parent=242431"}],"wp:term":[{"taxonomy":"dipi_cpt_category","embeddable":true,"href":"https:\/\/glassy-headshop.de\/index.php\/wp-json\/wp\/v2\/dipi_cpt_category?post=242431"}],"curies":[{"name":"wp","href":"https:\/\/api.w.org\/{rel}","templated":true}]}}